{"id":155,"date":"2016-05-27T22:17:55","date_gmt":"2016-05-27T20:17:55","guid":{"rendered":"http:\/\/www.hoteladria.com\/?page_id=155"},"modified":"2016-05-28T21:48:56","modified_gmt":"2016-05-28T19:48:56","slug":"caorle","status":"publish","type":"page","link":"https:\/\/www.hoteladria.com\/de\/caorle\/","title":{"rendered":"CAORLE"},"content":{"rendered":"<p>Die Altstadt von Caorle ist au\u00dfergew\u00f6hnlich: die verwinkelten Gassen und kleinen Pl\u00e4tze, der tausendj\u00e4hrige Dom, die H\u00e4user der Altstadt vermitteln warmes, freundliches Flair. Touristen werden dort mit echter Gastfreundschaft aufgenommen. Hinter jeder Ecke erwarten Sie neue Ausblicke auf eine Stadt, die stark an ihre Geschichte, Kultur und Tradition gebunden ist<\/p>\n<p>Der schiefe Turm des Doms am Vescovado-Platz ist im wahrsten Sinne des Wortes eines der hervorstechenden Merkmale im Stadtbild Caorles. Hier kann man gem\u00fctlich in einem der nahe gelegen Caf\u00e8s den Nachmittag im k\u00fchlen Schatten verbringen und &#8211; bei herrlichem Wetter und mit ein bisschen Gl\u00fcck &#8211; einem vorbeikommenden Brautpaar zuprosten. Sehr sch\u00f6n ist \u00fcbrigens auch der S\u00e4ulengang, in dem man ein paar sch\u00f6ne Freskenmalereien bestaunen kann.<\/p>\n<p>Eingebettet in die historische Kulisse einer bezaubernden, auf ihre Art einmalige, Altstadt ist Caorle nicht nur einer der sch\u00f6nsten an der venezianischen K\u00fcste gelegenen Badeorte, sondern besitzt au\u00dferdem das pulsierende, lebendige Herz der italienischen und europ\u00e4ischen Gastfreundschaft.<\/p>\n<p>Die Stadt bietet Ihnen eine reiche Auswahl an Unterhaltungsm\u00f6glichkeiten, die Ihren Aufenthalt zu einem echten Erlebnis machen, gepr\u00e4gt von der einzigartigen Gastfreundschaft und der liebensw\u00fcrdigen Betreuung Ihrer Gastgeber.<\/p>\n<p>Es stehen Nachtlokale, ein reichhaltiges Ausflugsprogramm und Freizeitanlagen zur Verf\u00fcgung, die f\u00fcr Gro\u00df und Klein zug\u00e4nglich und in der Lage sind, allen Anspr\u00fcchen gerecht zu werden.<\/p>\n<p>Nicht zu vergessen das obligatorische Feuerwerk, das zum Ende der Hochsaison zur Freude der gro\u00dfen und kleinen G\u00e4ste allj\u00e4hrlich veranstaltet wird. Sehr bekannt ist auch die Neujahrsfeier mit Feuerwerk (um 6.00 morgens), Gl\u00fchwein und Musik, um das Neue Jahr geb\u00fchrend zu begr\u00fc\u00dfen.<\/p>\n<p>Das ist jedoch noch nicht alles: Caorle ist viel mehr als ein einfacher Badeort. Die jahrhunderte alte Geschichte und Kultur dieses reizenden Fischerst\u00e4dtchens haben ihre Spuren hinterlassen, so da\u00df es ihre Identit\u00e4t als &#8222;Stadt des Meeres&#8220; \u00fcber Jahrhunderte hinweg bewahrt hat.<\/p>\n<style>\r\n\/*===== general options =========*\/\r\na {\r\n    box-shadow: none !important;\r\n}\r\n\r\n.view *:not(i), .album_categories *, .album_back_button *, #album_disabled_layer {\r\n    font-family: sans-serif, Arial, Verdana, Sylfaen !important;\r\n}\r\n\r\n#album_disabled_layer {\r\n    display: none;\r\n    position: absolute;\r\n    width: 100%;\r\n    height: 100%;\r\n    text-align: center;\r\n    background-color: transparent;\r\n    z-index: 10;\r\n    padding-top: 20px;\r\n    color: #fff;\r\n}\r\n\r\n#album_list_container {\r\n    position: relative;\r\n}\r\n\r\n\/* ====================== album onhover styles ==========================*\/\r\n\r\n#album_list .view {\r\n    -webkit-box-sizing: border-box;\r\n    -moz-box-sizing: border-box;\r\n    -o-box-sizing: border-box;\r\n    display: none;\r\n\r\n}\r\n\r\n.view .mask,\r\n.view .content {\r\n    width: 100%;\r\n    height: 100%;\r\n    position: absolute;\r\n    overflow: hidden;\r\n    top: 0;\r\n    left: 0;\r\n}\r\n\r\n.view h2 {\r\n    text-transform: uppercase;\r\n    color: #fff;\r\n    text-align: center;\r\n    position: relative;\r\n    font-size: 17px;\r\n    font-family: Raleway, serif;\r\n    padding: 10px;\r\n    \/*background: rgba(0, 0, 0, 0.8);*\/\r\n    margin: 20px 0 0 0;\r\n\r\n}\r\n\r\n.album_back_button a, .view a {\r\n    text-decoration: none !important;\r\n}\r\n\r\n.view p {\r\n    font-family: Merriweather, serif;\r\n    font-style: italic;\r\n    font-size: 14px;\r\n    position: relative;\r\n    color: #fff;\r\n    padding: 0px 20px 0px;\r\n    text-align: center;\r\n\r\n}\r\n\r\n.view a.info {\r\n    display: inline-block;\r\n    text-decoration: none;\r\n    font-size: 13px;\r\n    padding: 2px 14px;\r\n    margin-bottom: 3px;\r\n    background: #000;\r\n    color: #fff;\r\n    font-family: Raleway, serif;\r\n    text-transform: uppercase;\r\n    box-shadow: 0 0 1px #000\r\n}\r\n\r\n.mask-text h2 {\r\n    font-size: 20px !important;\r\n}\r\n\r\n.view a.info:hover {\r\n    box-shadow: 0 0 5px #000\r\n}\r\n\r\n.view .mask-bg {\r\n    height: 100%;\r\n}\r\n\r\n.view .album_social {\r\n    color: #fff;\r\n    position: absolute;\r\n    bottom: 3px;\r\n    left: 3px;\r\n    border: 1px solid #ffffff;\r\n    -webkit-border-radius: 3px;\r\n    -moz-border-radius: 3px;\r\n    border-radius: 3px;\r\n    padding: 3px 5px;\r\n\r\n}\r\n\r\n.view .album_social:active, .view .album_social:focus, .view .album_social:hover {\r\n    color: #ffffff;\r\n    outline: none;\r\n}\r\n\r\n\/*1*\/\r\n\r\n.view .info {\r\n    margin-top: 5px;\r\n}\r\n\r\n.view-first .mask {\r\n    opacity: 0;\r\n    background-color: rgba(0, 0, 0, 0.7);\r\n    transition: all 0.4s ease-in-out;\r\n\r\n}\r\n\r\n.view-first h2 {\r\n    transform: translateY(-100px);\r\n    opacity: 0;\r\n    font-family: Raleway, serif;\r\n    transition: all 0.2s ease-in-out;\r\n}\r\n\r\n.view-first p {\r\n    transform: translateY(100px);\r\n    opacity: 0;\r\n    transition: all 0.2s linear;\r\n}\r\n\r\n.view-first a.info {\r\n    opacity: 0;\r\n    transition: all 0.2s ease-in-out;\r\n}\r\n\r\n\/* *\/\r\n\r\n.view-first:hover img {\r\n    \/*transform: scale(1.1);*\/\r\n}\r\n\r\n.view-first:hover .mask {\r\n    opacity: 1;\r\n}\r\n\r\n.view-first:hover h2,\r\n.view-first:hover p,\r\n.view-first:hover a.info {\r\n    opacity: 1;\r\n    transform: translateY(0px);\r\n}\r\n\r\n.view-first:hover p {\r\n    transition-delay: 0.1s;\r\n}\r\n\r\n.view-first:hover a.info {\r\n    transition-delay: 0.2s;\r\n}\r\n\r\n\/*2*\/\r\n.view-second img {\r\n    -webkit-filter: grayscale(0) blur(0);\r\n    filter: grayscale(0) blur(0);\r\n    -webkit-transition: .3s ease-in-out;\r\n    transition: .3s ease-in-out;\r\n}\r\n\r\n.view-second .mask {\r\n    background-color: rgba(226, 200, 127, 0.2);\r\n    transition: all 0.5s linear;\r\n    opacity: 0;\r\n}\r\n\r\n.view-second h2 {\r\n    background: transparent;\r\n    margin: 20px 40px 0px 40px;\r\n    transform: scale(0);\r\n    color: #333;\r\n    transition: all 0.5s linear;\r\n    opacity: 0;\r\n}\r\n\r\n.view-second p {\r\n    opacity: 0;\r\n    transform: scale(0);\r\n    transition: all 0.5s linear;\r\n}\r\n\r\n.view-second a.info {\r\n    opacity: 0;\r\n    transform: scale(0);\r\n    transition: all 0.5s linear;\r\n}\r\n\r\n.view-second:hover img {\r\n    -webkit-filter: grayscale(100%) blur(3px);\r\n    filter: grayscale(100%) blur(3px);\r\n}\r\n\r\n.view-second:hover .mask {\r\n    opacity: 1;\r\n}\r\n\r\n.view-second:hover h2,\r\n.view-second:hover p,\r\n.view-second:hover a.info {\r\n    transform: scale(1);\r\n    opacity: 1;\r\n}\r\n\r\n.view-second img {\r\n    -webkit-filter: grayscale(0) blur(0);\r\n    filter: grayscale(0) blur(0);\r\n    -webkit-transition: .3s ease-in-out;\r\n    transition: .3s ease-in-out;\r\n}\r\n\r\n.view-second:hover img {\r\n    -webkit-filter: grayscale(100%) blur(3px);\r\n    filter: grayscale(100%) blur(3px);\r\n}\r\n\r\n\/*3*\/\r\n\r\n.view-third img {\r\n    transform: scaleY(1);\r\n    transition: all .7s ease-in-out;\r\n}\r\n\r\n.view-third a.info {\r\n    opacity: 0;\r\n    transform: scale(0);\r\n    transition: all 0.5s linear;\r\n}\r\n\r\n.view-third:hover img {\r\n    -webkit-transform: scale(10);\r\n    transform: scale(10);\r\n    opacity: 0;\r\n}\r\n\r\n.view-third:hover .mask {\r\n    opacity: 1;\r\n}\r\n\r\n.view-third:hover h2,\r\n.view-third:hover p,\r\n.view-third:hover a.info {\r\n    transform: scale(1);\r\n    opacity: 1;\r\n}\r\n\r\n\/* ==== view 4 ===*\/\r\n\r\n.view-forth-wrapper {\r\n    overflow: hidden;\r\n    position: relative !important;\r\n    height: 100%;\r\n    \/* cursor: pointer;*\/\r\n}\r\n\r\n.view-forth img {\r\n    max-width: 100%;\r\n    position: relative;\r\n    top: 0;\r\n    -webkit-transition: all 600ms cubic-bezier(0.645, 0.045, 0.355, 1);\r\n    transition: all 600ms cubic-bezier(0.645, 0.045, 0.355, 1);\r\n}\r\n\r\n.view-forth .mask {\r\n    position: absolute;\r\n    width: 100%;\r\n    \/*    height: 70px;*\/\r\n    \/*    bottom: -70px;*\/\r\n    height: 50%;\r\n    bottom: -50%;\r\n    -webkit-transition: all 300ms cubic-bezier(0.645, 0.045, 0.355, 1);\r\n    transition: all 300ms cubic-bezier(0.645, 0.045, 0.355, 1);\r\n    top: inherit;\r\n}\r\n\r\n.view-forth:hover .mask {\r\n    bottom: 0;\r\n}\r\n\r\n.view-forth:hover img {\r\n    top: -30px;\r\n}\r\n\r\n\/*==  view 5 ==*\/\r\n\r\n.view-fifth .view-fifth-wrapper,\r\n.view-fifth .view-fifth-wrapper img {\r\n    display: block;\r\n    position: relative;\r\n}\r\n\r\n.view-fifth .view-fifth-wrapper {\r\n    overflow: hidden;\r\n    height: 100%;\r\n}\r\n\r\n.view-fifth .view-fifth-wrapper .mask {\r\n    display: none;\r\n    position: absolute;\r\n    background: #333;\r\n    background: rgba(75, 75, 75, 0.7);\r\n    width: 100%;\r\n    height: 100%;\r\n}\r\n\r\n\/* ====================== album category styles ==========================*\/\r\n\r\n#filters {\r\n    margin: 1% 0;\r\n    padding: 0;\r\n    list-style: none;\r\n    list-style-type: none !important;\r\n\r\n}\r\n\r\n#filters li {\r\n    float: left;\r\n    list-style-type: none !important;\r\n}\r\n\r\n#filters li:first-child span {\r\n    margin-left: 0px;\r\n}\r\n\r\n#filters li span {\r\n    display: block;\r\n    text-decoration: none;\r\n    cursor: pointer;\r\n}\r\n\r\n.album_categories {\r\n    list-style-type: none;\r\n    margin: 0;\r\n    padding: 0;\r\n    overflow: hidden;\r\n    padding-top: 5px;\r\n}\r\n\r\n\/*=========  sharing buttons  ============*\/\r\n\r\n.album_socials {\r\n    position: relative;\r\n    top: 3px;\r\n    width: 100px;\r\n    height: 28px;\r\n    margin: 0 auto;\r\n}\r\n\r\n.album_socials .rwd-share-buttons {\r\n    top: 0px !important;\r\n    width: 100% !important;\r\n    margin: 0px !important;\r\n}\r\n\r\n.album_socials a {\r\n    text-decoration: underline !important;\r\n}\r\n\r\n.gallery_images, .album_image_place {\r\n    margin-top: 15px;\r\n    margin-top: 15px;\r\n}\r\n\r\n#rwd-share-facebook:hover {\r\n    background-position: 0 -31px !important;\r\n}\r\n\r\n#rwd-share-twitter:hover {\r\n    background-position: -31px 32px !important;\r\n}\r\n\r\n#rwd-share-googleplus:hover {\r\n    background-position: -66px -31px !important;\r\n}\r\n\r\n.rwd-share-buttons li, .rwd-share-buttons li a {\r\n    width: 26px !important;\r\n    border: 0px !important;\r\n}\r\n\r\n.rwd-share-buttons {\r\n    top: 0 !important;\r\n}\r\n\r\n.img_link_btn {\r\n    position: absolute;\r\n    z-index: 99999;\r\n    bottom: 0;\r\n    left: 0;\r\n    right: 0;\r\n    width: 100%;\r\n    padding: 8px;\r\n}\r\n\r\n.rwd-title {\r\n    padding: 10px 0px !important;\r\n}\r\n\r\n@media only screen and (max-width: 475px) {\r\n    .rwd-share-buttons {\r\n        top: -25px !important;\r\n    }\r\n\r\n    .rwd-title-text {\r\n        line-height: 15px;\r\n    }\r\n}\r\n\r\n\/*=========  hover style ===========*\/\r\n\r\n#hover {\r\n    color: rgba(188, 175, 204, 0.9);\r\n}\r\n\r\nh2#testimonials {\r\n    color: #fffae3;\r\n}\r\n\r\ndiv#all {\r\n    width: 100%;\r\n    height: 100%;\r\n}\r\n\r\n.view img {\r\n    height: auto;\r\n}\r\n\r\n.view {\r\n    color: #fff;\r\n    margin: 0 10px 10px 0;\r\n    overflow: hidden;\r\n    position: relative;\r\n    text-align: center;\r\n    float: left;\r\n    cursor: default;\r\n    border: 1px solid #ccc;\r\n}\r\n\r\n.view-wrapper {\r\n    height: 100%;\r\n}\r\n\r\n.view img {\r\n    display: block;\r\n    position: relative;\r\n    transition: all 0.2s linear;\r\n    height: 100%;\r\n    width: auto;\r\n    max-width: 100%;\r\n    margin: 0 auto;\r\n}\r\n\r\n.mask-text h2 {\r\n    font-size: 20px !important;\r\n    margin-top: 20px !important;\r\n}\r\n\r\n\/* view 1 *\/\r\n\r\n.view-first .text-category, .view-first .mask-text h2, .view-first .mask-text p {\r\n    color: #fff;\r\n}\r\n\r\n\/*  view 2 *\/\r\n.view-second .text-category, .view-second .mask-text h2, .view-second p {\r\n    color: #333;\r\n}\r\n\r\n.view-second .mask-text h2 {\r\n    border-bottom: 1px solid #333;\r\n}\r\n\r\n\/* view 3*\/\r\n.view-third .mask {\r\n    background-color: #ccc;\r\n    transition: all 0.5s linear;\r\n    opacity: 0;\r\n    color: #333;\r\n}\r\n\r\n.view-third h2 {\r\n    border-bottom: 1px solid #333;\r\n    background: transparent;\r\n    margin: 20px 40px 0px 40px;\r\n    transform: scale(0);\r\n    color: #333;\r\n    transition: all 0.5s linear;\r\n    opacity: 0;\r\n}\r\n\r\n.view-third p {\r\n    color: #333;\r\n    opacity: 0;\r\n    transform: scale(0);\r\n    transition: all 0.5s linear;\r\n}\r\n\r\n.view-third .text-category {\r\n    color: #333;\r\n}\r\n\r\n\/* view 4 *\/\r\n\r\n.view-forth .mask-bg {\r\n    background: #333;\r\n    width: 100%;\r\n    height: 100%;\r\n    position: absolute;\r\n    top: 0;\r\n    left: 0;\r\n}\r\n\r\n.view-forth .mask-text {\r\n    color: #fff;\r\n    position: relative;\r\n    z-index: 500;\r\n    padding: 5px 8px;\r\n}\r\n\r\n.view-forth .mask-text h2 {\r\n    margin: 0px;\r\n    font-size: 13px;\r\n    padding: 2px;\r\n    color: #fff;\r\n}\r\n\r\n.view-forth .mask-text h2:hover {\r\n    cursor: pointer;\r\n}\r\n\r\n.view-forth .text-category {\r\n    display: block;\r\n    font-size: 15px;\r\n    color: #fff;\r\n}\r\n\r\n.view-forth p {\r\n    color: #fff;\r\n}\r\n\r\n\/* view 5 *\/\r\n.view-fifth .text-category, .view-fifth .text-category *, .view-fifth .mask-text h2, .view-fifth .mask-text p {\r\n    color: #fff;\r\n}\r\n\r\n<\/style><div id=\"mygallery_wrapper_5\" class=\"gallery-img-content clear\"\r\n     data-gallery-id=\"5\" data-content-per-page=\"5\"\r\n     data-rating-type=\"off\">\r\n    <div id=\"mygallery_5\" class=\"mygallery view-justified clear\">\r\n                <input type=\"hidden\" id=\"total\" value=\"3\"\/>\r\n                                                <a class=\"gallery_group5\" href=\"http:\/\/www.hoteladria.com\/wp-content\/uploads\/2016\/05\/fotocaorle5.jpg\"\r\n                       title=\"\">\r\n                        <img id=\"wd-cl-img0\"\r\n                             alt=\"\"\r\n                             src=\"https:\/\/www.hoteladria.com\/wp-content\/uploads\/2016\/05\/fotocaorle5-1024x768.jpg\"\/>\r\n                                            <\/a>\r\n                    <input type=\"hidden\" class=\"pagenum\" value=\"1\"\/>\r\n                                                                            <a class=\"gallery_group5\" href=\"http:\/\/www.hoteladria.com\/wp-content\/uploads\/2016\/05\/fotocaorle4.jpg\"\r\n                       title=\"\">\r\n                        <img id=\"wd-cl-img1\"\r\n                             alt=\"\"\r\n                             src=\"https:\/\/www.hoteladria.com\/wp-content\/uploads\/2016\/05\/fotocaorle4-1024x768.jpg\"\/>\r\n                                            <\/a>\r\n                    <input type=\"hidden\" class=\"pagenum\" value=\"1\"\/>\r\n                                                                            <a class=\"gallery_group5\" href=\"http:\/\/www.hoteladria.com\/wp-content\/uploads\/2016\/05\/fotocaorle3.jpg\"\r\n                       title=\"\">\r\n                        <img id=\"wd-cl-img2\"\r\n                             alt=\"\"\r\n                             src=\"https:\/\/www.hoteladria.com\/wp-content\/uploads\/2016\/05\/fotocaorle3-1024x768.jpg\"\/>\r\n                                            <\/a>\r\n                    <input type=\"hidden\" class=\"pagenum\" value=\"1\"\/>\r\n                                                                            <a class=\"gallery_group5\" href=\"http:\/\/www.hoteladria.com\/wp-content\/uploads\/2016\/05\/fotocaorle2.jpg\"\r\n                       title=\"\">\r\n                        <img id=\"wd-cl-img3\"\r\n                             alt=\"\"\r\n                             src=\"https:\/\/www.hoteladria.com\/wp-content\/uploads\/2016\/05\/fotocaorle2-1024x768.jpg\"\/>\r\n                                            <\/a>\r\n                    <input type=\"hidden\" class=\"pagenum\" value=\"1\"\/>\r\n                                                                            <a class=\"gallery_group5\" href=\"http:\/\/www.hoteladria.com\/wp-content\/uploads\/2016\/05\/fotocaorle1.jpg\"\r\n                       title=\"\">\r\n                        <img id=\"wd-cl-img4\"\r\n                             alt=\"\"\r\n                             src=\"https:\/\/www.hoteladria.com\/wp-content\/uploads\/2016\/05\/fotocaorle1-1024x768.jpg\"\/>\r\n                                            <\/a>\r\n                    <input type=\"hidden\" class=\"pagenum\" value=\"1\"\/>\r\n                                                                            <a class=\"gallery_group5\" href=\"http:\/\/www.hoteladria.com\/wp-content\/uploads\/2016\/05\/fotocaorle6.jpg\"\r\n                       title=\"\">\r\n                        <img id=\"wd-cl-img5\"\r\n                             alt=\"\"\r\n                             src=\"https:\/\/www.hoteladria.com\/wp-content\/uploads\/2016\/05\/fotocaorle6-1024x768.jpg\"\/>\r\n                                            <\/a>\r\n                    <input type=\"hidden\" class=\"pagenum\" value=\"1\"\/>\r\n                                                                            <a class=\"gallery_group5\" href=\"http:\/\/www.hoteladria.com\/wp-content\/uploads\/2016\/05\/fotocaorle7.jpg\"\r\n                       title=\"\">\r\n                        <img id=\"wd-cl-img6\"\r\n                             alt=\"\"\r\n                             src=\"https:\/\/www.hoteladria.com\/wp-content\/uploads\/2016\/05\/fotocaorle7-1024x768.jpg\"\/>\r\n                                            <\/a>\r\n                    <input type=\"hidden\" class=\"pagenum\" value=\"1\"\/>\r\n                                                                            <a class=\"gallery_group5\" href=\"http:\/\/www.hoteladria.com\/wp-content\/uploads\/2016\/05\/fotocaorle8.jpg\"\r\n                       title=\"\">\r\n                        <img id=\"wd-cl-img7\"\r\n                             alt=\"\"\r\n                             src=\"https:\/\/www.hoteladria.com\/wp-content\/uploads\/2016\/05\/fotocaorle8-1024x768.jpg\"\/>\r\n                                            <\/a>\r\n                    <input type=\"hidden\" class=\"pagenum\" value=\"1\"\/>\r\n                                                                            <a class=\"gallery_group5\" href=\"http:\/\/www.hoteladria.com\/wp-content\/uploads\/2016\/05\/fotocaorle9.jpg\"\r\n                       title=\"\">\r\n                        <img id=\"wd-cl-img8\"\r\n                             alt=\"\"\r\n                             src=\"https:\/\/www.hoteladria.com\/wp-content\/uploads\/2016\/05\/fotocaorle9-1024x768.jpg\"\/>\r\n                                            <\/a>\r\n                    <input type=\"hidden\" class=\"pagenum\" value=\"1\"\/>\r\n                                                                            <a class=\"gallery_group5\" href=\"http:\/\/www.hoteladria.com\/wp-content\/uploads\/2016\/05\/fotocaorle10.jpg\"\r\n                       title=\"\">\r\n                        <img id=\"wd-cl-img9\"\r\n                             alt=\"\"\r\n                             src=\"https:\/\/www.hoteladria.com\/wp-content\/uploads\/2016\/05\/fotocaorle10-1024x768.jpg\"\/>\r\n                                            <\/a>\r\n                    <input type=\"hidden\" class=\"pagenum\" value=\"1\"\/>\r\n                                                                            <a class=\"gallery_group5\" href=\"http:\/\/www.hoteladria.com\/wp-content\/uploads\/2016\/05\/fotocaorle11.jpg\"\r\n                       title=\"\">\r\n                        <img id=\"wd-cl-img10\"\r\n                             alt=\"\"\r\n                             src=\"https:\/\/www.hoteladria.com\/wp-content\/uploads\/2016\/05\/fotocaorle11-1024x768.jpg\"\/>\r\n                                            <\/a>\r\n                    <input type=\"hidden\" class=\"pagenum\" value=\"1\"\/>\r\n                                        <\/div>\r\n    <\/div>\r\n<style>\r\n.justified-gallery {\r\n    width: 100%;\r\n    position: relative;\r\n}\r\n.justified-gallery a{\r\n    border:none;\r\n}\r\n.justified-gallery > a,\r\n.justified-gallery > div {\r\n    position: absolute;\r\n    display: inline-block;\r\n    opacity: 0;\r\n    overflow:hidden;\r\n    filter: alpha(opacity=0);\r\n    \/* IE8 or Earlier *\/\r\n}\r\n.justified-gallery > a > img,\r\n.justified-gallery > div > img {\r\n    position: absolute;\r\n    top: 50%;\r\n    left: 50%;\r\n    padding: 0;\r\n}\r\n.justified-gallery > a > .caption,\r\n.justified-gallery > div > .caption {\r\n    display: none;\r\n    position: absolute;\r\n    bottom: 0;\r\n    padding: 5px;\r\n    left: 0;\r\n    right: 0;\r\n    margin: 0;\r\n    color: #3AD6FC;\r\n    font-size: 13px;\r\n    font-weight: 300;\r\n    font-family: sans-serif;\r\n\/\/margin-left: px;\r\n    background:rgba(255,28,28,0.9)  !important;\r\n    overflow: hidden;\r\n    text-overflow: ellipsis;\r\n    white-space:nowrap;\r\n}\r\n.justified-gallery > a > .caption.caption-visible,\r\n.justified-gallery > div > .caption.caption-visible {\r\n    display: initial;\r\n    filter: \"alpha(opacity=70)\";\r\n    \/* IE8 or Earlier *\/\r\n    -webkit-animation: justified-gallery-show-caption-animation 500ms 0 ease;\r\n    -moz-animation: justified-gallery-show-caption-animation 500ms 0 ease;\r\n    -ms-animation: justified-gallery-show-caption-animation 500ms 0 ease;\r\n}\r\n.justified-gallery > .entry-visible {\r\n    opacity: 1.0;\r\n    filter: alpha(opacity=100);\r\n    \/* IE8 or Earlier *\/\r\n    -webkit-animation: justified-gallery-show-entry-animation 300ms 0 ease;\r\n    -moz-animation: justified-gallery-show-entry-animation 300ms 0 ease;\r\n    -ms-animation: justified-gallery-show-entry-animation 300ms 0 ease;\r\n}\r\n.justified-gallery > .spinner {\r\n    position: absolute;\r\n    bottom: 0;\r\n    margin-left: -24px;\r\n    padding: 10px 0 10px 0;\r\n    left: 50%;\r\n    opacity: initial;\r\n    filter: initial;\r\n    overflow: initial;\r\n}\r\n.justified-gallery > .spinner > span {\r\n    display: inline-block;\r\n    opacity: 0;\r\n    filter: alpha(opacity=0);\r\n    \/* IE8 or Earlier *\/\r\n    width: 8px;\r\n    height: 8px;\r\n    margin: 0 4px 0 4px;\r\n    background-color: #000;\r\n    border-top-left-radius: 6px;\r\n    border-top-right-radius: 6px;\r\n    border-bottom-right-radius: 6px;\r\n    border-bottom-left-radius: 6px;\r\n}\r\n.play-icon {\r\n    position:absolute;\r\n    top:0;\r\n    left:0;\r\n    width:100%;\r\n    height:100%;\r\n}\r\n.load_more2 {\r\n    margin: 10px 0;\r\n    position:relative;\r\n    text-align:center;\r\n    width:100%;\r\n}\r\n.load_more_button2 {\r\n    border-radius: 10px;\r\n    display:inline-block;\r\n    padding:5px 15px;\r\n    font-size:14px !important;;\r\n    color:#FF1C1C !important;;\r\n    background:#26A6FC !important;\r\n    cursor:pointer;\r\n}\r\n.load_more_button2:hover{\r\n    color:#FF4242 !important;\r\n    background:#0FEFFF !important;\r\n}\r\n.loading2 {\r\n    display:none;\r\n}\r\n.paginate2{\r\n    font-size:18px !important;\r\n    color:#26A6FC !important;\r\n    text-align: center;\r\n    margin-top: 25px;\r\n}\r\n.paginate2 a{\r\n    border-bottom: none !important;\r\n}\r\n.icon-style2{\r\n    font-size: 18px !important;\r\n    color:#26A6FC !important;\r\n}\r\n.clear{\r\n    clear:both;\r\n}\r\n.play-icon.youtube-icon {background:url(https:\/\/www.hoteladria.com\/wp-content\/plugins\/gallery-images\/assets\/images\/admin_images\/play.youtube.png) center center no-repeat;}\r\n.play-icon.vimeo-icon {background:url(https:\/\/www.hoteladria.com\/wp-content\/plugins\/gallery-images\/assets\/images\/admin_images\/play.vimeo.png) center center no-repeat;}\r\n<\/style>\n<p>&nbsp;<\/p>","protected":false},"excerpt":{"rendered":"<p> [&hellip;]<\/p>\n","protected":false},"author":1,"featured_media":0,"parent":0,"menu_order":0,"comment_status":"closed","ping_status":"closed","template":"","meta":[],"_links":{"self":[{"href":"https:\/\/www.hoteladria.com\/de\/wp-json\/wp\/v2\/pages\/155"}],"collection":[{"href":"https:\/\/www.hoteladria.com\/de\/wp-json\/wp\/v2\/pages"}],"about":[{"href":"https:\/\/www.hoteladria.com\/de\/wp-json\/wp\/v2\/types\/page"}],"author":[{"embeddable":true,"href":"https:\/\/www.hoteladria.com\/de\/wp-json\/wp\/v2\/users\/1"}],"replies":[{"embeddable":true,"href":"https:\/\/www.hoteladria.com\/de\/wp-json\/wp\/v2\/comments?post=155"}],"version-history":[{"count":4,"href":"https:\/\/www.hoteladria.com\/de\/wp-json\/wp\/v2\/pages\/155\/revisions"}],"predecessor-version":[{"id":217,"href":"https:\/\/www.hoteladria.com\/de\/wp-json\/wp\/v2\/pages\/155\/revisions\/217"}],"wp:attachment":[{"href":"https:\/\/www.hoteladria.com\/de\/wp-json\/wp\/v2\/media?parent=155"}],"curies":[{"name":"wp","href":"https:\/\/api.w.org\/{rel}","templated":true}]}}