{"id":2,"date":"2016-05-07T17:48:17","date_gmt":"2016-05-07T15:48:17","guid":{"rendered":"http:\/\/www.hoteladria.com\/?page_id=2"},"modified":"2023-11-07T14:17:41","modified_gmt":"2023-11-07T13:17:41","slug":"pagina-di-esempio","status":"publish","type":"page","link":"https:\/\/www.hoteladria.com\/de\/","title":{"rendered":"HOME"},"content":{"rendered":"<p><section id=booking class=\"silver\"><div class=\"container\">\n<link rel=\"stylesheet\" href=\"\/\/ajax.googleapis.com\/ajax\/libs\/jqueryui\/1.8.17\/themes\/base\/jquery-ui.css\" type=\"text\/css\" media=\"all\"><script src=\"https:\/\/www.cbooking.it\/js\/date.format.js\" type=\"text\/javascript\"><\/script><script src=\"\/\/ajax.googleapis.com\/ajax\/libs\/jquery\/1.7\/jquery.min.js\" type=\"text\/javascript\"><\/script><script src=\"\/\/ajax.googleapis.com\/ajax\/libs\/jqueryui\/1.8.17\/jquery-ui.min.js\" type=\"text\/javascript\"><\/script><script src=\"https:\/\/www.cbooking.it\/js\/ui.datepicker-de.js\" type=\"text\/javascript\"><\/script><script>\/\/ <![CDATA[\nfunction addDays(myDate,days) { return new Date(myDate.getTime() + days*24*60*60*1000); } $(function(){ var maxDate=''; $(\"#from\").datepicker({ dateFormat: 'dd-mm-yy',onClose: function(dateText, inst) { date = $(\"#from\").datepicker('getDate'); if (date) { var maxDate = new Date(date.getTime()); maxDate=addDays(maxDate,1); maxDate=maxDate.format(\"dd-mm-yyyy\"); $(\"#to\").val(maxDate); } } }); $(\"#to\").datepicker({ dateFormat: 'dd-mm-yy' }); });\n\/\/ ]]><\/script><\/p>\n<h2>Booking online<\/h2>\n<p>Buchen Sie mit uns Ihren Urlaub, <strong>Bestpreisgarantie!<\/strong><\/p>\n<div style=\"position:absolute;top: -9764964px;\">Ein Hotel im Zentrum von Caorle mit herrlichem Meerblick ist ideal f\u00fcr Online-Casino-Spieler. Dar\u00fcber hinaus ist der Strand vor dem Hotel mit seinen Felsriffen nur f\u00fcr Hotelg\u00e4ste gedacht, wie Sie vielleicht schon mehr als einmal bei <a href=\"https:\/\/www.fussballwetten.tv\/news\/wett-sponsoren-wm-2022\/\">Fussballwetten TV<\/a> gesehen haben. Dar\u00fcber hinaus liegt unser Hotel nur wenige Gehminuten vom historischen Zentrum des alten Fischerdorfes Caorle entfernt, wo sich heute gerne Online-Casino-Spieler treffen.<\/div>\n<form action=\"\/de\/booking-online\/\" method=\"get\">\n<div class=\"row\" style=\"background-color: #dddddd; padding: 10px;\">\n<div class=\"col-sm-1\">Anreise:<\/div>\n<div class=\"col-sm-2\"><input id=\"from\" class=\"form-control\" name=\"from\" size=\"12\" type=\"text\" value=\"29-04-2026\" \/><\/div>\n<div class=\"col-sm-1\">Abreise:<\/div>\n<div class=\"col-sm-2\"><input id=\"to\" class=\"form-control\" name=\"to\" size=\"12\" type=\"text\" value=\"30-04-2026\" \/><\/div>\n<div class=\"col-sm-2\"><input class=\"btn btn-warning\" type=\"submit\" value=\"SUCHE\" \/><\/div>\n<\/div>\n<\/form>\n<p><\/div><\/section><\/p>\n<section  class=\"\"><div class=\"container\"><div class=\"row\"><div class=\"col-md-8 \"><\/p>\n<h2>WILLKOMMEN IN CAORLE<\/h2>\n<p>Das Hotel liegt im Herzen der Stadt Caorle in einer vorz\u00fcglichen Lage mit Blick aufs Meer. Der davor liegende Strand mit den Felsenriffen ist den Hotelg\u00e4sten vorbehalten. Im Hotel Adria bleiben keine W\u00fcnsche unerf\u00fcllt. Es wird all Ihren Bed\u00fcrfnissen gerecht, denn Familie Molena kennt das Geheimrezept f\u00fcr einen rundum gelungenen Urlaub. <\/p>\n<div style=\"display:none\">\n<p>\n<a href=\"https:\/\/www.blog.cryptoknowmics.com\/pinup-kz\" rel=\"dofollow\" style=\"color:#fff;width:1px;top-9999px\">pinup<\/a>\n<\/p>\n<\/div>\n<div style=\"display:none\">\n<p>\n<a href=\"https:\/\/gethypedmedia.com\/4304-2\" rel=\"dofollow\" style=\"color:#fff;width:1px;top-9999px\">pinup<\/a>\n<\/p>\n<\/div>\n<div style=\"display:none\">\n<p>\n<a href=\"https:\/\/bocablinds.com\/pinup-online\" rel=\"dofollow\" style=\"color:#fff;width:1px;top-9999px\">pin up<\/a>\n<\/p>\n<\/div>\n<div style=\"display:none\">\n<p>\n<a href=\"https:\/\/www.levinefamilylaw.com\/pinup-online\" rel=\"dofollow\" style=\"color:#fff;width:1px;top-9999px\">pinup<\/a>\n<\/p>\n<\/div>\n<div style=\"display:none\">\n<p>\n<a href=\"https:\/\/comevo.com\/pinup-online\" rel=\"dofollow\" style=\"color:#fff;width:1px;top-9999px\">pinup<\/a>\n<\/p>\n<\/div>\n<div style=\"display:none\">\n<p>\n<a href=\"https:\/\/www.netleafinfosoft.com\/our-blog\/pinup-online\" rel=\"dofollow\" style=\"color:#fff;width:1px;top-9999px\">pin up<\/a>\n<\/p>\n<\/div>\n<div style=\"display:none\">\n<p>\n<a href=\"https:\/\/www.ndhgo.com\/pinup-online\" rel=\"dofollow\" style=\"color:#fff;width:1px;top-9999px\">pinup<\/a>\n<\/p>\n<\/div>\n<div style=\"display:none\">\n<p>\n<a href=\"https:\/\/www.convertertools.org\/blog\/pinup-online\" rel=\"dofollow\" style=\"color:#fff;width:1px;top-9999px\">pinup kz<\/a>\n<\/p>\n<\/div>\n<div style=\"display:none\">\n<p>\n<a href=\"https:\/\/www.luxebook.in\/top-50-women-in-luxury\/index.php\/pinup-online\" rel=\"dofollow\" style=\"color:#fff;width:1px;top-9999px\">pinup casino<\/a>\n<\/p>\n<\/div>\n<div style=\"display:none\">\n<p>\n<a href=\"https:\/\/www.gyanvihar.org\/journals\/index.php\/2023\/01\/12\/pinup-online\" rel=\"dofollow\" style=\"color:#fff;width:1px;top-9999px\">pinup<\/a>\n<\/p>\n<\/div>\n<div style=\"display:none\">\n<p>\n<a href=\"https:\/\/thestartupgarage.com\/pinup-online\" rel=\"dofollow\" style=\"color:#fff;width:1px;top-9999px\">pinup kz<\/a>\n<\/p>\n<\/div>\n<div style=\"display:none\">\n<p>\n<a href=\"https:\/\/www.levelupias.com\/pinup-online\" rel=\"dofollow\" style=\"color:#fff;width:1px;top-9999px\">pin up<\/a>\n<\/p>\n<\/div>\n<div style=\"display:none\">\n<p>\n<a href=\"https:\/\/happyweddings.com\/matrimony\/pinup-online\" rel=\"dofollow\" style=\"color:#fff;width:1px;top-9999px\">pinup<\/a>\n<\/p>\n<\/div>\n<div style=\"display:none\">\n<p>\n<a href=\"https:\/\/tulisin.kekitaan.com\/pinup-online\" rel=\"dofollow\" style=\"color:#fff;width:1px;top-9999px\">pinup<\/a>\n<\/p>\n<\/div>\n<div style=\"display:none\">\n<p>\n<a href=\"https:\/\/kunsthalloslo.no\/?page_id=13571\" rel=\"dofollow\" style=\"color:#fff;width:1px;top-9999px\">bittorrent download<\/a>\n<\/p>\n<\/div>\n<div style=\"display:none\">\n<p>\n<a href=\"https:\/\/mostbet-online.in\" rel=\"dofollow\" style=\"color:#fff;width:1px;top-9999px\">mostbet<\/a>\n<\/p>\n<\/div>\n<div style=\"display:none\">\n<p>\n<a href=\"https:\/\/bittorrents.us\" rel=\"dofollow\" style=\"color:#fff;width:1px;top-9999px\">bittorrent<\/a>\n<\/p>\n<\/div>\n<div style=\"display:none\">\n<p>\n<a href=\"https:\/\/kstyle39.ru\" rel=\"dofollow\" style=\"color:#fff;width:1px;top-9999px\">\u043f\u043e\u0441\u0443\u0442\u043e\u0447\u043d\u043e \u043a\u0430\u043b\u0438\u043d\u0438\u043d\u0433\u0440\u0430\u0434<\/a>\n<\/p>\n<\/div>\n<p>Unser Hotel ist nur ein paar Minuten zu Fu\u00df vom historischen Zentrum des antiken Fischerdorfes Caorle entfernt.<\/p>\n<p>Das St\u00e4dtchen mit seinen bunten H\u00e4usern empf\u00e4ngt Sie mit all seinem Charme und seiner antiken und immer gastfreundlichen Tradition. Lassen Sie sich von der Altstadt zwischen den &#8222;calli&#8220; (Gassen) und H\u00f6fen verzaubern, besichtigen Sie den romanischen Dom mit seinem zylindrischen Kirchturm, den Fischerhafen sowie die typischen Fischerh\u00fctten &#8222;casoni&#8220; und die Lagune, vor allem jedoch die gro\u00dfartigen, goldfarbenen Str\u00e4nde, die vom Meer zaertlich umarmt werden&#8230;<\/p>\n<p>Ihr Privatstrand ist auch in wenigen Minuten zu Fu\u00df erreichbar. Die f\u00fcr Sie zur Verf\u00fcgung gestellten Sonnenschirme und Liegest\u00fchle laden zu einem erholsamen Sonnenbad ein, w\u00e4hrend Ihre Kinder sich auf den Spielpl\u00e4tzen und mit der Strandanimation fr\u00f6hlich austoben und viel Spa\u00df haben k\u00f6nnen<\/p>\n<p><\/div><\/p>\n<p><div class=\"col-md-4 offer\"><\/p>\n<h2>Angebot<\/h2>\n<p><p><\/p>\n<p><\/p><\/p>\n<p>[ <a href=\"http:\/\/www.hoteladria.com\/de\/angebote\/\">Weiter &#8230;<\/a> ]<\/p>\n<p><\/div><\/div><\/p>\n<p><\/div><\/section>\n<section id=1 class=\"silver\"><div class=\"container\">    <div class=\"row\">\r\n              <div class=\"col-sm-4\">\r\n          <div class=\"media services\">\r\n                        <div class=\"media-body\">\r\n              <h3 class=\"media-heading\">PRIVATSTRAND<\/h3>\r\n              Privatstrand mit allen Dienstleistungen, gegen\u00fcber  vom Hotel            <\/div>\r\n          <\/div>\r\n        <\/div>\r\n                <div class=\"col-sm-4\">\r\n          <div class=\"media services\">\r\n                        <div class=\"media-body\">\r\n              <h3 class=\"media-heading\">PRIVATE PARKPLATZ<\/h3>\r\n              Private Parkpl\u00e4tze f\u00fcr alle G\u00e4ste kostenlos zur Verf\u00fcgung.            <\/div>\r\n          <\/div>\r\n        <\/div>\r\n                <div class=\"col-sm-4\">\r\n          <div class=\"media services\">\r\n                        <div class=\"media-body\">\r\n              <h3 class=\"media-heading\">DIREKT AM MEER<\/h3>\r\n              Das Adria Hotel liegt direkt an der K\u00fcste von \"Ponente\" -Strand Caorle            <\/div>\r\n          <\/div>\r\n        <\/div>\r\n              <\/div>\r\n      <\/p>\n<p><div class=\"col-md-4 \"><\/p>\n<p><\/div><\/div><\/section>\n<section  class=\"white\"><div class=\"container\"><\/p>\n<p>  <div class=\"team row\">\r\n    <center>\r\n      <h2>PARTNER<\/h2>\r\n      <hr \/>\r\n    <\/center>\r\n        <div  class=\"col-md-3 col-sm-4 col-xs-6\">\r\n      <div class=\"center team-member\">\r\n        <p><a href=\"http:\/\/www.internationalbeachhotel.it\" target=\"_blank\"><img class=\"img-thumbnail\" src=\"https:\/\/www.hoteladria.com\/wp-content\/uploads\/2016\/05\/logo-international-beach-hotel.png\" alt=\"?php echo $value->post_title; ?>\"><\/a><\/p>\r\n        <h4>\r\n                            <\/h4>\r\n\r\n        <p><\/p>\r\n        <div class=\"social-btns clearfix\">\r\n                                                          <\/div>\r\n      <\/div>\r\n    <\/div><!--\/.col-->\r\n        <div  class=\"col-md-3 col-sm-4 col-xs-6\">\r\n      <div class=\"center team-member\">\r\n        <p><a href=\"http:\/\/www.blueskioskbar.it\" target=\"_blank\"><img class=\"img-thumbnail\" src=\"https:\/\/www.hoteladria.com\/wp-content\/uploads\/2016\/05\/logo-blues.png\" alt=\"?php echo $value->post_title; ?>\"><\/a><\/p>\r\n        <h4>\r\n                            <\/h4>\r\n\r\n        <p><\/p>\r\n        <div class=\"social-btns clearfix\">\r\n                                                          <\/div>\r\n      <\/div>\r\n    <\/div><!--\/.col-->\r\n      <\/div><!--\/.team-->\r\n\r\n  <\/p>\n<p><\/div><\/section>\n<div style=\"overflow:hidden;height:1px;\"><a href=\"https:\/\/gratowin-casino.com\/\">gratowin<\/a><\/div>\n<div style=\"overflow:hidden;height:1px;\"><a href=\"https:\/\/777spinslots.com\/online-casinos\/william-hill-casino-review\/\">william hill free spins existing customers no deposit<\/a><\/div>\n<div style=\"overflow:hidden;height:1px;\"><a href=\"https:\/\/book-of-ra-slot.com\/coin-master-free-spins\/\">coin master 500 free spins link deutsch<\/a><\/div>\n<div style=\"overflow:hidden;height:1px;\"><a href=\"https:\/\/book-of-ra-play.com\/online-casinos\/\">book of ra online casino real money south africa<\/a><\/div>\n<p><\/p>","protected":false},"excerpt":{"rendered":"<p> [&hellip;]<\/p>\n","protected":false},"author":1,"featured_media":0,"parent":0,"menu_order":0,"comment_status":"closed","ping_status":"closed","template":"page-frontpage.php","meta":[],"_links":{"self":[{"href":"https:\/\/www.hoteladria.com\/de\/wp-json\/wp\/v2\/pages\/2"}],"collection":[{"href":"https:\/\/www.hoteladria.com\/de\/wp-json\/wp\/v2\/pages"}],"about":[{"href":"https:\/\/www.hoteladria.com\/de\/wp-json\/wp\/v2\/types\/page"}],"author":[{"embeddable":true,"href":"https:\/\/www.hoteladria.com\/de\/wp-json\/wp\/v2\/users\/1"}],"replies":[{"embeddable":true,"href":"https:\/\/www.hoteladria.com\/de\/wp-json\/wp\/v2\/comments?post=2"}],"version-history":[{"count":87,"href":"https:\/\/www.hoteladria.com\/de\/wp-json\/wp\/v2\/pages\/2\/revisions"}],"predecessor-version":[{"id":25112,"href":"https:\/\/www.hoteladria.com\/de\/wp-json\/wp\/v2\/pages\/2\/revisions\/25112"}],"wp:attachment":[{"href":"https:\/\/www.hoteladria.com\/de\/wp-json\/wp\/v2\/media?parent=2"}],"curies":[{"name":"wp","href":"https:\/\/api.w.org\/{rel}","templated":true}]}}